{"id":61,"date":"2014-07-23T09:38:24","date_gmt":"2014-07-23T09:38:24","guid":{"rendered":"http:\/\/la-mash.com\/?page_id=61"},"modified":"2014-11-21T06:47:28","modified_gmt":"2014-11-21T06:47:28","slug":"impressum","status":"publish","type":"page","link":"https:\/\/la-mash.com\/?page_id=61","title":{"rendered":"Impressum"},"content":{"rendered":"<p>markus nowak<\/p>\n<p>billy-wilder-promenade 34<br \/>\n14167 berlin<\/p>\n<p>phone +49 172 301 16 78<br \/>\nmarkus@markusnowak.com<br \/>\nwww.markusnowak.com<\/p>\n<p>USt-IdNr. DE136528671<\/p>\n<p>Inhaltlich Verantwortlicher gem\u00e4\u00df \u00a7 10 Absatz 3 MDStV: Markus Nowak<\/p>\n<p>Haftungshinweis:<br \/>\nTrotz sorgf\u00e4ltiger inhaltlicher Kontrolle \u00fcbernehmen wir keine Haftung f\u00fcr die Inhalte externer Links. F\u00fcr den Inhalt der verlinkten Seiten sind ausschlie\u00dflich deren Betreiber verantwortlich.<\/p>\n","protected":false},"excerpt":{"rendered":"<p>markus nowak billy-wilder-promenade 34 14167 berlin phone +49 172 301 16 78 markus@markusnowak.com www.markusnowak.com USt-IdNr. DE136528671 Inhaltlich Verantwortlicher gem\u00e4\u00df \u00a7 10 Absatz 3 MDStV: Markus Nowak Haftungshinweis: Trotz sorgf\u00e4ltiger inhaltlicher Kontrolle \u00fcbernehmen wir keine Haftung f\u00fcr die Inhalte externer Links. F\u00fcr den Inhalt der verlinkten Seiten sind ausschlie\u00dflich deren Betreiber verantwortlich.<\/p>\n","protected":false},"author":1,"featured_media":0,"parent":0,"menu_order":0,"comment_status":"closed","ping_status":"closed","template":"","meta":{"footnotes":""},"class_list":["post-61","page","type-page","status-publish","hentry"],"_links":{"self":[{"href":"https:\/\/la-mash.com\/index.php?rest_route=\/wp\/v2\/pages\/61","targetHints":{"allow":["GET"]}}],"collection":[{"href":"https:\/\/la-mash.com\/index.php?rest_route=\/wp\/v2\/pages"}],"about":[{"href":"https:\/\/la-mash.com\/index.php?rest_route=\/wp\/v2\/types\/page"}],"author":[{"embeddable":true,"href":"https:\/\/la-mash.com\/index.php?rest_route=\/wp\/v2\/users\/1"}],"replies":[{"embeddable":true,"href":"https:\/\/la-mash.com\/index.php?rest_route=%2Fwp%2Fv2%2Fcomments&post=61"}],"version-history":[{"count":5,"href":"https:\/\/la-mash.com\/index.php?rest_route=\/wp\/v2\/pages\/61\/revisions"}],"predecessor-version":[{"id":123,"href":"https:\/\/la-mash.com\/index.php?rest_route=\/wp\/v2\/pages\/61\/revisions\/123"}],"wp:attachment":[{"href":"https:\/\/la-mash.com\/index.php?rest_route=%2Fwp%2Fv2%2Fmedia&parent=61"}],"curies":[{"name":"wp","href":"https:\/\/api.w.org\/{rel}","templated":true}]}}