{"id":53,"date":"2014-07-23T09:32:56","date_gmt":"2014-07-23T09:32:56","guid":{"rendered":"http:\/\/la-mash.com\/?page_id=53"},"modified":"2014-08-27T09:30:31","modified_gmt":"2014-08-27T09:30:31","slug":"musik","status":"publish","type":"page","link":"https:\/\/la-mash.com\/?page_id=53","title":{"rendered":"Musik"},"content":{"rendered":"<p>2014 wurde \u201ela mash\u201c vom Keyboarder und Komponisten Markus Nowak als Projekt f\u00fcr zeitlose, melodiebetonte Musik zwischen Lounge, Chillout, Ambient, Electronic und Dance mit jazzigen Elementen gegr\u00fcndet.<\/p>\n<p>Die Zusammenarbeit mit verschiedenen Gastmusikern und S\u00e4ngern, unter anderem mit Melanie Stahlkopf (Hamburg), Pittie Hecht (Percussionist der \u201eScorpions\u201c), Lars Dittrich (Saxophonist und Komponist) und vielen mehr, sorgt f\u00fcr ein unterschiedliches Farbspiel in der musikalischen Gestaltung.<br \/>\n Produziert und aufgenommen werden die Songs im Berliner Tonstudio.<\/p>\n<p>Musik um der Musik willen, nicht um irgendwelchen Modetrends zu folgen, sondern Songs, die zeitlos, entspannend und melodisch sind.<br \/>\n Mal sanft, mal inspirierend.<br \/>\n Es geht um das Wechselspiel von schnell und langsam, laut und leise, es geht um Emotionen.<\/p>\n","protected":false},"excerpt":{"rendered":"<p>2014 wurde \u201ela mash\u201c vom Keyboarder und Komponisten Markus Nowak als Projekt f\u00fcr zeitlose, melodiebetonte Musik zwischen Lounge, Chillout, Ambient, Electronic und Dance mit jazzigen Elementen gegr\u00fcndet. Die Zusammenarbeit mit verschiedenen Gastmusikern und S\u00e4ngern, unter anderem mit Melanie Stahlkopf (Hamburg), Pittie Hecht (Percussionist der \u201eScorpions\u201c), Lars Dittrich (Saxophonist und Komponist) und vielen mehr, sorgt f\u00fcr [&hellip;]<\/p>\n","protected":false},"author":1,"featured_media":0,"parent":0,"menu_order":0,"comment_status":"closed","ping_status":"closed","template":"","meta":{"footnotes":""},"class_list":["post-53","page","type-page","status-publish","hentry"],"_links":{"self":[{"href":"https:\/\/la-mash.com\/index.php?rest_route=\/wp\/v2\/pages\/53","targetHints":{"allow":["GET"]}}],"collection":[{"href":"https:\/\/la-mash.com\/index.php?rest_route=\/wp\/v2\/pages"}],"about":[{"href":"https:\/\/la-mash.com\/index.php?rest_route=\/wp\/v2\/types\/page"}],"author":[{"embeddable":true,"href":"https:\/\/la-mash.com\/index.php?rest_route=\/wp\/v2\/users\/1"}],"replies":[{"embeddable":true,"href":"https:\/\/la-mash.com\/index.php?rest_route=%2Fwp%2Fv2%2Fcomments&post=53"}],"version-history":[{"count":2,"href":"https:\/\/la-mash.com\/index.php?rest_route=\/wp\/v2\/pages\/53\/revisions"}],"predecessor-version":[{"id":106,"href":"https:\/\/la-mash.com\/index.php?rest_route=\/wp\/v2\/pages\/53\/revisions\/106"}],"wp:attachment":[{"href":"https:\/\/la-mash.com\/index.php?rest_route=%2Fwp%2Fv2%2Fmedia&parent=53"}],"curies":[{"name":"wp","href":"https:\/\/api.w.org\/{rel}","templated":true}]}}