{"id":51,"date":"2014-07-23T09:32:14","date_gmt":"2014-07-23T09:32:14","guid":{"rendered":"http:\/\/la-mash.com\/?page_id=51"},"modified":"2014-09-26T04:22:12","modified_gmt":"2014-09-26T04:22:12","slug":"studio-2","status":"publish","type":"page","link":"https:\/\/la-mash.com\/?page_id=51","title":{"rendered":"Studiod"},"content":{"rendered":"<p>Ein Raum in Raum Konzept der Firma Studiobricks S.L. aus Barcelona ist die Aufnahme- und Kreativfl\u00e4che von Markus Nowak.<\/p>\n<p>Lichtdurchflutet und hell! Das ist das Motto f\u00fcr eine Umgebung, in der man gerne arbeitet. Hier steht alles zur Verf\u00fcgung, was gebraucht wird, um absolut professionell und schnell den perfekten Sound zu erreichen.<\/p>\n<p>&nbsp;<\/p>\n<p><strong>Mix<\/strong>:<br \/>\nWunderbar 32 channels (Wunderaudio, Neve)<\/p>\n<p><strong>Monitor:<br \/>\n<\/strong>Guzauski-Swist Studio Monitors GS3, Stax Headphones, K\u00fcchenradio<\/p>\n<p><strong>Recording:<br \/>\n<\/strong>Pro Tools 11 HDX 32 outs<\/p>\n<p><strong>Plugins:<\/strong><br \/>\nPianoteq 5 Pro, Waves, Brainworx, Hofa, Maag, Steven Slate, Ominsphere, Trillian, Native Instruments Complete 9, Melodyne, Vocalign, Ovean Way Drums u.v.m.<\/p>\n<p><strong>Instrumente:<br \/>\n<\/strong>Lachnit MK 22 Studio, Matrix 12, C. Bechstein Piano mit Bechstein Vario Digitalsystem, Taylor Halbakustik Gitarre<\/p>\n<p><strong>Mics:<br \/>\n<\/strong>Neumann U47, Wunder Audio CM7, Shure Beta 87, Shure Beta 58<\/p>\n<p><strong>Outboard:<br \/>\n<\/strong>Avalon 737, Avalon AD 2055, Smart Research C2, Urei 1178, Patchbay<\/p>\n<p><strong>Verkabelung:<\/strong><br \/>\nMogami, Vovox<\/p>\n<p>&nbsp;<\/p>\n<table width=\"100%\" border=\"0\">\n<tr>\n<td width=\"40%\"><img loading=\"lazy\" decoding=\"async\" src=\"http:\/\/la-mash.com\/wp-content\/uploads\/2014\/08\/007-300x195.jpg\" alt=\"007\" width=\"300\" height=\"195\" \/><\/img><\/td>\n<td width=\"10%\">&nbsp;<\/td>\n<td width=\"40%\"><img loading=\"lazy\" decoding=\"async\"  src=\"http:\/\/la-mash.com\/wp-content\/uploads\/2014\/08\/003-300x197.jpg\" alt=\"003\" width=\"300\" height=\"197\"\/><\/img><\/td>\n<\/tr>\n<tr>\n<td width=\"40%\"><img loading=\"lazy\" decoding=\"async\" src=\"http:\/\/la-mash.com\/wp-content\/uploads\/2014\/08\/006-e1409131607639.jpg\" alt=\"003\" width=\"300\" height=\"197\"\/><\/img><\/td>\n<td width=\"10%\">&nbsp;<\/td>\n<td width=\"40%\"><img loading=\"lazy\" decoding=\"async\"  src=\"http:\/\/la-mash.com\/wp-content\/uploads\/2014\/07\/005-e1409130618644.jpg\" alt=\"003\" width=\"300\" height=\"197\"\/><\/img><\/td>\n<\/tr>\n<\/table>\n","protected":false},"excerpt":{"rendered":"<p>Ein Raum in Raum Konzept der Firma Studiobricks S.L. aus Barcelona ist die Aufnahme- und Kreativfl\u00e4che von Markus Nowak. Lichtdurchflutet und hell! Das ist das Motto f\u00fcr eine Umgebung, in der man gerne arbeitet. Hier steht alles zur Verf\u00fcgung, was gebraucht wird, um absolut professionell und schnell den perfekten Sound zu erreichen. &nbsp; Mix: Wunderbar [&hellip;]<\/p>\n","protected":false},"author":1,"featured_media":94,"parent":0,"menu_order":0,"comment_status":"closed","ping_status":"closed","template":"","meta":{"footnotes":""},"class_list":["post-51","page","type-page","status-publish","has-post-thumbnail","hentry"],"_links":{"self":[{"href":"https:\/\/la-mash.com\/index.php?rest_route=\/wp\/v2\/pages\/51","targetHints":{"allow":["GET"]}}],"collection":[{"href":"https:\/\/la-mash.com\/index.php?rest_route=\/wp\/v2\/pages"}],"about":[{"href":"https:\/\/la-mash.com\/index.php?rest_route=\/wp\/v2\/types\/page"}],"author":[{"embeddable":true,"href":"https:\/\/la-mash.com\/index.php?rest_route=\/wp\/v2\/users\/1"}],"replies":[{"embeddable":true,"href":"https:\/\/la-mash.com\/index.php?rest_route=%2Fwp%2Fv2%2Fcomments&post=51"}],"version-history":[{"count":9,"href":"https:\/\/la-mash.com\/index.php?rest_route=\/wp\/v2\/pages\/51\/revisions"}],"predecessor-version":[{"id":113,"href":"https:\/\/la-mash.com\/index.php?rest_route=\/wp\/v2\/pages\/51\/revisions\/113"}],"wp:featuredmedia":[{"embeddable":true,"href":"https:\/\/la-mash.com\/index.php?rest_route=\/wp\/v2\/media\/94"}],"wp:attachment":[{"href":"https:\/\/la-mash.com\/index.php?rest_route=%2Fwp%2Fv2%2Fmedia&parent=51"}],"curies":[{"name":"wp","href":"https:\/\/api.w.org\/{rel}","templated":true}]}}