{"id":22,"date":"2014-07-22T09:24:07","date_gmt":"2014-07-22T09:24:07","guid":{"rendered":"http:\/\/la-mash.com\/?page_id=22"},"modified":"2014-08-04T13:49:58","modified_gmt":"2014-08-04T13:49:58","slug":"eng","status":"publish","type":"page","link":"https:\/\/la-mash.com\/?page_id=22","title":{"rendered":"\u00dcber la mash"},"content":{"rendered":"<p>2014 wurde \u201ela mash\u201c vom Keyboarder und Komponisten Markus Nowak als Projekt f\u00fcr zeitlose, melodiebetonte Musik zwischen Lounge, Chillout, Ambient, Electronic und Dance mit jazzigen Elementen gegr\u00fcndet.<\/p>\n<p>Die erste Ver\u00f6ffentlichung \u201eFly Away\u201c startet am 18. August.<br \/>\nDiesen Song hat er mit der Hamburger S\u00e4ngerin Melanie Stahlkopf gemeinsam komponiert und produziert.<\/p>\n<p>Die Zusammenarbeit mit verschiedenen Gastmusikern und S\u00e4ngern, unter anderem mit Melanie Stahlkopf (Hamburg, Stimme von den \u201eRoyal Gigolos\u201c), Pitti Hecht (Hannover, Percussionist der \u201eScorpions\u201c), Lars Dittrich (Dresden, Saxophonist und Komponist) und weiteren, sorgt f\u00fcr ein unterschiedliches Farbenspiel in der musikalischen Gestaltung.<\/p>\n<p>Musik um der Musik willen, keinen Modetrends unterworfen, Songs, die zeitlos, entspannend und melodisch sind.<br \/>\nEin sowohl sanftes als auch inspirierendes Wechselspiel von schnell und langsam, laut und leise, das Emotionen weckt.<\/p>\n<p>Produziert und aufgenommen werden die Songs im Berliner Tonstudio.<\/p>\n","protected":false},"excerpt":{"rendered":"<p>2014 wurde \u201ela mash\u201c vom Keyboarder und Komponisten Markus Nowak als Projekt f\u00fcr zeitlose, melodiebetonte Musik zwischen Lounge, Chillout, Ambient, Electronic und Dance mit jazzigen Elementen gegr\u00fcndet. Die erste Ver\u00f6ffentlichung \u201eFly Away\u201c startet am 18. August. Diesen Song hat er mit der Hamburger S\u00e4ngerin Melanie Stahlkopf gemeinsam komponiert und produziert. Die Zusammenarbeit mit verschiedenen Gastmusikern [&hellip;]<\/p>\n","protected":false},"author":1,"featured_media":0,"parent":0,"menu_order":0,"comment_status":"closed","ping_status":"closed","template":"","meta":{"footnotes":""},"class_list":["post-22","page","type-page","status-publish","hentry"],"_links":{"self":[{"href":"https:\/\/la-mash.com\/index.php?rest_route=\/wp\/v2\/pages\/22","targetHints":{"allow":["GET"]}}],"collection":[{"href":"https:\/\/la-mash.com\/index.php?rest_route=\/wp\/v2\/pages"}],"about":[{"href":"https:\/\/la-mash.com\/index.php?rest_route=\/wp\/v2\/types\/page"}],"author":[{"embeddable":true,"href":"https:\/\/la-mash.com\/index.php?rest_route=\/wp\/v2\/users\/1"}],"replies":[{"embeddable":true,"href":"https:\/\/la-mash.com\/index.php?rest_route=%2Fwp%2Fv2%2Fcomments&post=22"}],"version-history":[{"count":5,"href":"https:\/\/la-mash.com\/index.php?rest_route=\/wp\/v2\/pages\/22\/revisions"}],"predecessor-version":[{"id":77,"href":"https:\/\/la-mash.com\/index.php?rest_route=\/wp\/v2\/pages\/22\/revisions\/77"}],"wp:attachment":[{"href":"https:\/\/la-mash.com\/index.php?rest_route=%2Fwp%2Fv2%2Fmedia&parent=22"}],"curies":[{"name":"wp","href":"https:\/\/api.w.org\/{rel}","templated":true}]}}